{"id":81,"date":"2024-02-26T16:46:41","date_gmt":"2024-02-26T16:46:41","guid":{"rendered":"http:\/\/www.toimintajakyky.fi\/?page_id=81"},"modified":"2026-01-10T16:56:05","modified_gmt":"2026-01-10T16:56:05","slug":"kotivalmennus","status":"publish","type":"page","link":"https:\/\/www.toimintajakyky.fi\/index.php\/ikaihmiset\/kotivalmennus\/","title":{"rendered":"Kotihoito"},"content":{"rendered":"\n<h1 class=\"wp-block-heading\">Kotihoito<\/h1>\n\n\n\n<p>Tarjoan tukea ja apua arjen askareisiin sek\u00e4 kotona ett\u00e4 kodin ulkopuolella. Asiakkaan toiveiden ja kunnon mukaan, joko kuntouttavalla ty\u00f6otteella ohjaamalla, yhdess\u00e4 tekem\u00e4ll\u00e4 tai avustetusti.<\/p>\n\n\n\n<div class=\"wp-block-columns is-layout-flex wp-container-core-columns-is-layout-9d6595d7 wp-block-columns-is-layout-flex\">\n<div class=\"wp-block-column is-layout-flow wp-block-column-is-layout-flow\">\n<h2 class=\"wp-block-heading\"><strong>Arvot:<\/strong><\/h2>\n\n\n\n<ul class=\"wp-block-list\">\n<li><em>asiakasl\u00e4ht\u00f6isyys<\/em><\/li>\n\n\n\n<li><em>yksil\u00f6llisyys<\/em><\/li>\n\n\n\n<li><em>kunnioitetaan asiakkaan arvoja ja itsem\u00e4\u00e4r\u00e4\u00e4misoikeutta<\/em><\/li>\n\n\n\n<li><em>k\u00e4yt\u00e4nn\u00f6llisyys ja helppous<\/em><\/li>\n\n\n\n<li><em>joustavuus<\/em><\/li>\n\n\n\n<li><em>jatkuvuus<\/em><\/li>\n<\/ul>\n<\/div>\n\n\n\n<div class=\"wp-block-column is-layout-flow wp-block-column-is-layout-flow\">\n<figure class=\"wp-block-image size-medium has-custom-border is-style-rounded\" style=\"margin-top:0;margin-bottom:0\"><img loading=\"lazy\" decoding=\"async\" width=\"300\" height=\"237\" src=\"https:\/\/www.toimintajakyky.fi\/wp-content\/uploads\/2024\/02\/Nimeton-malli-8-e1768063057395-300x237.png\" alt=\"K\u00e4det k\u00e4siss\u00e4 tekev\u00e4t yhdess\u00e4 syd\u00e4nkuvion.\" class=\"wp-image-26\" style=\"border-style:none;border-width:0px\" srcset=\"https:\/\/www.toimintajakyky.fi\/wp-content\/uploads\/2024\/02\/Nimeton-malli-8-e1768063057395-300x237.png 300w, https:\/\/www.toimintajakyky.fi\/wp-content\/uploads\/2024\/02\/Nimeton-malli-8-e1768063057395-768x607.png 768w, https:\/\/www.toimintajakyky.fi\/wp-content\/uploads\/2024\/02\/Nimeton-malli-8-e1768063057395.png 980w\" sizes=\"auto, (max-width: 300px) 100vw, 300px\" \/><\/figure>\n<\/div>\n<\/div>\n\n\n\n<h2 class=\"wp-block-heading\">Mit\u00e4 kotihoito on?<\/h2>\n\n\n\n<ul class=\"wp-block-list\">\n<li>monipuolisen ja terveellisen ruokavalion koostaminen asiakkaalle: kuten ruoanlaitto, ruoan l\u00e4mmitys, v\u00e4lipalat<\/li>\n\n\n\n<li>vaatehuolto; pesut ja j\u00e4lkik\u00e4sittelyt<\/li>\n\n\n\n<li>asunnon siistiminen, imurointi, p\u00f6lyt, paikkojen j\u00e4rjestely, lakanoiden vaihto (tukipalvelu)<\/li>\n\n\n\n<li>asiakkaan pesuapu, toiveesta ihon rasvaus, kynsienleikkaus, papiljottien kiert\u00e4minen jne.<\/li>\n\n\n\n<li>kauppa- ja pankkiasioinnit yhdess\u00e4 tai asiakkaan puolesta (ruoka-  ja vaateostokset ym. suorittaminen)<\/li>\n\n\n\n<li>verkkokauppatilaukset<\/li>\n\n\n\n<li>virkistysk\u00e4ynnit (esim. ulkoilu, lenkkeily, kirjasto-, kahvila-  ja kampaajak\u00e4ynnit jne.)<\/li>\n\n\n\n<li>kevyet pihaty\u00f6t, kuten puiden kanto, pihan hiekoitus, lumenluonnit, nurmikoiden ajo ja kukkien ym. hoito.<\/li>\n\n\n\n<li>ja muut kotihoidon palvelut<\/li>\n<\/ul>\n\n\n\n<figure class=\"wp-block-pullquote\"><blockquote><p>&#8230;eli monipuolista kotona-asumisen tukemista.<\/p><\/blockquote><\/figure>\n\n\n\n<p><\/p>\n\n\n\n<h3 class=\"wp-block-heading\">Ik\u00e4valmennus<\/h3>\n\n\n\n<p>Ik\u00e4valmennus on t\u00e4rke\u00e4 osaa kotihoidon palveluitani. Ik\u00e4valmennus mahdollistaa toimintakyvyn yll\u00e4pit\u00e4misen ja kehittymisen kautta pidemm\u00e4n kotona asumisen.<\/p>\n\n\n\n<p><strong>Tavoitteet:<\/strong><\/p>\n\n\n\n<ul class=\"wp-block-list\">\n<li>Ik\u00e4valmennuksen tavoitteena on tukea arjen toimintakyky\u00e4 ja itsen\u00e4ist\u00e4 selviytymist\u00e4 omassa kodissa. <\/li>\n\n\n\n<li>Kartoittaa ja edist\u00e4\u00e4 ik\u00e4\u00e4ntyneen toimintakyky\u00e4 ja el\u00e4m\u00e4nhallintaa.<\/li>\n\n\n\n<li>Yll\u00e4pit\u00e4\u00e4 ja kehitt\u00e4\u00e4 toimintakyky\u00e4 ja muistia asiakkaan yksil\u00f6llisten tarpeiden mukaan.<\/li>\n\n\n\n<li>Vahvistaa asiakkaan toimivaa ja turvallista arkea.<\/li>\n\n\n\n<li>Mahdollistaa asiakkaan asuminen kotona mahdollisimman pitk\u00e4\u00e4n.<\/li>\n<\/ul>\n\n\n\n<p><strong>Toimintakyvyn edist\u00e4minen tarkoittaa esimerkiksi:<\/strong><\/p>\n\n\n\n<ul class=\"wp-block-list\">\n<li>Muistioireisten tai -sairaiden ik\u00e4\u00e4ntyneiden sek\u00e4 heid\u00e4n l\u00e4heisten tukemista. <\/li>\n\n\n\n<li>Aivojen aktivointia erilaisilla harjoitteilla (esim. tabletin avulla, lukemalla, aivojumpalla).<\/li>\n\n\n\n<li>Ik\u00e4\u00e4ntyneen mielekk\u00e4\u00e4n ja turvallisen arjen tukemista mm. kotiaskareita yhdess\u00e4 tehden, yhdess\u00e4 teht\u00e4vien kauppa-, kirjasto tai kahvilak\u00e4ynneill\u00e4. <\/li>\n\n\n\n<li>Arkiteknologian k\u00e4yt\u00f6n tukemista (esim. Varhan hoitajien et\u00e4vastaanotot).<\/li>\n<\/ul>\n\n\n\n<p><strong>Miss\u00e4?<\/strong><\/p>\n\n\n\n<p>Ik\u00e4valmennusta annetaan asiakkaan kotona h\u00e4nelle tehdyn yksil\u00f6llistetyn toimintasuunnitelman ja -sopimuksen mukaan edeten.<\/p>\n\n\n\n<p><strong>Mit\u00e4 tarkoittaa toimintakyky?<\/strong><\/p>\n\n\n\n<p><em>Toimintakyky tarkoittaa ihmisen fyysisi\u00e4, psyykkisi\u00e4, kognitiivisia ja sosiaalisia edellytyksi\u00e4 selviyty\u00e4 jokap\u00e4iv\u00e4isen el\u00e4m\u00e4n toiminnoista. <\/em><\/p>\n\n\n\n<p>Suomalainen FINGER-tutkimus osoitti ensimm\u00e4isen\u00e4 maailmassa, ett\u00e4 muistisairauksien riskiin voi vaikuttaa terveellisill\u00e4 elintavoilla, jotka tulee aloittaa mahdollisimman varhain. FINGER on valmis toimintamalli, joka perustuu viiteen tekij\u00e4\u00e4n; <strong>terveelliseen ruokavalioon, fyysiseen aktiivisuuteen, aivojumppaan, sosiaaliseen aktiivisuuteen<\/strong> sek\u00e4 <strong>syd\u00e4n- ja verisuonitautien<\/strong> riskitekij\u00f6iden hallintaan. T\u00e4m\u00e4 tarkoittaa aivojen aktivointia erilaisin menetelmin. Tarkoituksena on totuttaa asiakas uusiin virikkeisiin tai palauttaa vanhoja hyviksi todettuja aktiviteettej\u00e4 asiakkaan arkeen itsen\u00e4isesti teht\u00e4v\u00e4ksi. K\u00e4yt\u00e4nn\u00f6ss\u00e4 t\u00e4m\u00e4 tapahtuu arjen toimintoja tukien ja yhdess\u00e4 tehden. Sis\u00e4lt\u00e4\u00e4 esim. jumppaa, muistin aktivoimista, arjen monipuolista tekemist\u00e4 sek\u00e4 muuta harjoittelua. Kokonaisuus sis\u00e4lt\u00e4\u00e4 fyysisen, psyykkisen, sosiaalisen ja kognitiivisen toimintakyvyn yll\u00e4pit\u00e4mist\u00e4 ja kohottamista.<\/p>\n\n\n\n<p><strong>Varaa maksuton kartoitusk\u00e4ynti ja tarkistellaan juuri teid\u00e4n tarpeitanne.<\/strong><\/p>\n\n\n\n<div class=\"wp-block-buttons is-layout-flex wp-block-buttons-is-layout-flex\">\n<div class=\"wp-block-button\"><a class=\"wp-block-button__link wp-element-button\" href=\"https:\/\/www.toimintajakyky.fi\/index.php\/yhteystiedot\/\" target=\"_blank\" rel=\"noreferrer noopener\">Ota yhteytt\u00e4<\/a><\/div>\n<\/div>\n\n\n\n<div class=\"wp-block-columns is-layout-flex wp-container-core-columns-is-layout-9d6595d7 wp-block-columns-is-layout-flex\">\n<div class=\"wp-block-column is-layout-flow wp-block-column-is-layout-flow\"><\/div>\n<\/div>\n\n\n\n<p><\/p>\n","protected":false},"excerpt":{"rendered":"<p>Kotihoito Tarjoan tukea ja apua arjen askareisiin sek\u00e4 kotona ett\u00e4 kodin ulkopuolella. Asiakkaan toiveiden ja kunnon mukaan, joko kuntouttavalla ty\u00f6otteella ohjaamalla, yhdess\u00e4 tekem\u00e4ll\u00e4 tai avustetusti. Arvot: Mit\u00e4 kotihoito on? &#8230;eli monipuolista kotona-asumisen tukemista. Ik\u00e4valmennus Ik\u00e4valmennus on t\u00e4rke\u00e4 osaa kotihoidon palveluitani. Ik\u00e4valmennus mahdollistaa toimintakyvyn yll\u00e4pit\u00e4misen ja kehittymisen kautta pidemm\u00e4n kotona asumisen. Tavoitteet: Toimintakyvyn edist\u00e4minen tarkoittaa esimerkiksi:&#8230;<\/p>\n","protected":false},"author":1,"featured_media":132,"parent":8,"menu_order":0,"comment_status":"closed","ping_status":"closed","template":"","meta":{"_kad_post_transparent":"","_kad_post_title":"","_kad_post_layout":"","_kad_post_sidebar_id":"","_kad_post_content_style":"","_kad_post_vertical_padding":"","_kad_post_feature":"","_kad_post_feature_position":"","_kad_post_header":false,"_kad_post_footer":false,"_kad_post_classname":"","footnotes":""},"class_list":["post-81","page","type-page","status-publish","has-post-thumbnail","hentry"],"yoast_head":"<!-- This site is optimized with the Yoast SEO plugin v27.4 - https:\/\/yoast.com\/product\/yoast-seo-wordpress\/ -->\n<title>Kotihoito - Toiminta &amp; Kyky<\/title>\n<meta name=\"robots\" content=\"index, follow, max-snippet:-1, max-image-preview:large, max-video-preview:-1\" \/>\n<link rel=\"canonical\" href=\"https:\/\/www.toimintajakyky.fi\/index.php\/ikaihmiset\/kotivalmennus\/\" \/>\n<meta property=\"og:locale\" content=\"fi_FI\" \/>\n<meta property=\"og:type\" content=\"article\" \/>\n<meta property=\"og:title\" content=\"Kotihoito - Toiminta &amp; Kyky\" \/>\n<meta property=\"og:description\" content=\"Kotihoito Tarjoan tukea ja apua arjen askareisiin sek\u00e4 kotona ett\u00e4 kodin ulkopuolella. Asiakkaan toiveiden ja kunnon mukaan, joko kuntouttavalla ty\u00f6otteella ohjaamalla, yhdess\u00e4 tekem\u00e4ll\u00e4 tai avustetusti. Arvot: Mit\u00e4 kotihoito on? &#8230;eli monipuolista kotona-asumisen tukemista. Ik\u00e4valmennus Ik\u00e4valmennus on t\u00e4rke\u00e4 osaa kotihoidon palveluitani. Ik\u00e4valmennus mahdollistaa toimintakyvyn yll\u00e4pit\u00e4misen ja kehittymisen kautta pidemm\u00e4n kotona asumisen. Tavoitteet: Toimintakyvyn edist\u00e4minen tarkoittaa esimerkiksi:...\" \/>\n<meta property=\"og:url\" content=\"https:\/\/www.toimintajakyky.fi\/index.php\/ikaihmiset\/kotivalmennus\/\" \/>\n<meta property=\"og:site_name\" content=\"Toiminta &amp; Kyky\" \/>\n<meta property=\"article:modified_time\" content=\"2026-01-10T16:56:05+00:00\" \/>\n<meta property=\"og:image\" content=\"https:\/\/www.toimintajakyky.fi\/wp-content\/uploads\/2024\/02\/AdobeStock_210113313-scaled.jpeg\" \/>\n\t<meta property=\"og:image:width\" content=\"2560\" \/>\n\t<meta property=\"og:image:height\" content=\"853\" \/>\n\t<meta property=\"og:image:type\" content=\"image\/jpeg\" \/>\n<meta name=\"twitter:card\" content=\"summary_large_image\" \/>\n<meta name=\"twitter:label1\" content=\"Arvioitu lukuaika\" \/>\n\t<meta name=\"twitter:data1\" content=\"3 minuuttia\" \/>\n<script type=\"application\/ld+json\" class=\"yoast-schema-graph\">{\"@context\":\"https:\\\/\\\/schema.org\",\"@graph\":[{\"@type\":\"WebPage\",\"@id\":\"https:\\\/\\\/www.toimintajakyky.fi\\\/index.php\\\/ikaihmiset\\\/kotivalmennus\\\/\",\"url\":\"https:\\\/\\\/www.toimintajakyky.fi\\\/index.php\\\/ikaihmiset\\\/kotivalmennus\\\/\",\"name\":\"Kotihoito - Toiminta &amp; Kyky\",\"isPartOf\":{\"@id\":\"https:\\\/\\\/www.toimintajakyky.fi\\\/#website\"},\"primaryImageOfPage\":{\"@id\":\"https:\\\/\\\/www.toimintajakyky.fi\\\/index.php\\\/ikaihmiset\\\/kotivalmennus\\\/#primaryimage\"},\"image\":{\"@id\":\"https:\\\/\\\/www.toimintajakyky.fi\\\/index.php\\\/ikaihmiset\\\/kotivalmennus\\\/#primaryimage\"},\"thumbnailUrl\":\"https:\\\/\\\/www.toimintajakyky.fi\\\/wp-content\\\/uploads\\\/2024\\\/02\\\/AdobeStock_210113313-scaled.jpeg\",\"datePublished\":\"2024-02-26T16:46:41+00:00\",\"dateModified\":\"2026-01-10T16:56:05+00:00\",\"breadcrumb\":{\"@id\":\"https:\\\/\\\/www.toimintajakyky.fi\\\/index.php\\\/ikaihmiset\\\/kotivalmennus\\\/#breadcrumb\"},\"inLanguage\":\"fi\",\"potentialAction\":[{\"@type\":\"ReadAction\",\"target\":[\"https:\\\/\\\/www.toimintajakyky.fi\\\/index.php\\\/ikaihmiset\\\/kotivalmennus\\\/\"]}]},{\"@type\":\"ImageObject\",\"inLanguage\":\"fi\",\"@id\":\"https:\\\/\\\/www.toimintajakyky.fi\\\/index.php\\\/ikaihmiset\\\/kotivalmennus\\\/#primaryimage\",\"url\":\"https:\\\/\\\/www.toimintajakyky.fi\\\/wp-content\\\/uploads\\\/2024\\\/02\\\/AdobeStock_210113313-scaled.jpeg\",\"contentUrl\":\"https:\\\/\\\/www.toimintajakyky.fi\\\/wp-content\\\/uploads\\\/2024\\\/02\\\/AdobeStock_210113313-scaled.jpeg\",\"width\":2560,\"height\":853,\"caption\":\"L\u00e4hikuva k\u00e4sist\u00e4 k\u00e4siss\u00e4.\"},{\"@type\":\"BreadcrumbList\",\"@id\":\"https:\\\/\\\/www.toimintajakyky.fi\\\/index.php\\\/ikaihmiset\\\/kotivalmennus\\\/#breadcrumb\",\"itemListElement\":[{\"@type\":\"ListItem\",\"position\":1,\"name\":\"Etusivu\",\"item\":\"https:\\\/\\\/www.toimintajakyky.fi\\\/\"},{\"@type\":\"ListItem\",\"position\":2,\"name\":\"Ik\u00e4\u00e4ntyneet\",\"item\":\"https:\\\/\\\/www.toimintajakyky.fi\\\/index.php\\\/ikaihmiset\\\/\"},{\"@type\":\"ListItem\",\"position\":3,\"name\":\"Kotihoito\"}]},{\"@type\":\"WebSite\",\"@id\":\"https:\\\/\\\/www.toimintajakyky.fi\\\/#website\",\"url\":\"https:\\\/\\\/www.toimintajakyky.fi\\\/\",\"name\":\"Toiminta &amp; Kyky\",\"description\":\"Hyvinvointia arkeesi!\",\"publisher\":{\"@id\":\"https:\\\/\\\/www.toimintajakyky.fi\\\/#organization\"},\"potentialAction\":[{\"@type\":\"SearchAction\",\"target\":{\"@type\":\"EntryPoint\",\"urlTemplate\":\"https:\\\/\\\/www.toimintajakyky.fi\\\/?s={search_term_string}\"},\"query-input\":{\"@type\":\"PropertyValueSpecification\",\"valueRequired\":true,\"valueName\":\"search_term_string\"}}],\"inLanguage\":\"fi\"},{\"@type\":\"Organization\",\"@id\":\"https:\\\/\\\/www.toimintajakyky.fi\\\/#organization\",\"name\":\"Toiminta &amp; Kyky\",\"url\":\"https:\\\/\\\/www.toimintajakyky.fi\\\/\",\"logo\":{\"@type\":\"ImageObject\",\"inLanguage\":\"fi\",\"@id\":\"https:\\\/\\\/www.toimintajakyky.fi\\\/#\\\/schema\\\/logo\\\/image\\\/\",\"url\":\"https:\\\/\\\/www.toimintajakyky.fi\\\/wp-content\\\/uploads\\\/2024\\\/02\\\/Nimeton-malli-6.png\",\"contentUrl\":\"https:\\\/\\\/www.toimintajakyky.fi\\\/wp-content\\\/uploads\\\/2024\\\/02\\\/Nimeton-malli-6.png\",\"width\":1500,\"height\":1500,\"caption\":\"Toiminta &amp; Kyky\"},\"image\":{\"@id\":\"https:\\\/\\\/www.toimintajakyky.fi\\\/#\\\/schema\\\/logo\\\/image\\\/\"}}]}<\/script>\n<!-- \/ Yoast SEO plugin. -->","yoast_head_json":{"title":"Kotihoito - Toiminta &amp; Kyky","robots":{"index":"index","follow":"follow","max-snippet":"max-snippet:-1","max-image-preview":"max-image-preview:large","max-video-preview":"max-video-preview:-1"},"canonical":"https:\/\/www.toimintajakyky.fi\/index.php\/ikaihmiset\/kotivalmennus\/","og_locale":"fi_FI","og_type":"article","og_title":"Kotihoito - Toiminta &amp; Kyky","og_description":"Kotihoito Tarjoan tukea ja apua arjen askareisiin sek\u00e4 kotona ett\u00e4 kodin ulkopuolella. Asiakkaan toiveiden ja kunnon mukaan, joko kuntouttavalla ty\u00f6otteella ohjaamalla, yhdess\u00e4 tekem\u00e4ll\u00e4 tai avustetusti. Arvot: Mit\u00e4 kotihoito on? &#8230;eli monipuolista kotona-asumisen tukemista. Ik\u00e4valmennus Ik\u00e4valmennus on t\u00e4rke\u00e4 osaa kotihoidon palveluitani. Ik\u00e4valmennus mahdollistaa toimintakyvyn yll\u00e4pit\u00e4misen ja kehittymisen kautta pidemm\u00e4n kotona asumisen. Tavoitteet: Toimintakyvyn edist\u00e4minen tarkoittaa esimerkiksi:...","og_url":"https:\/\/www.toimintajakyky.fi\/index.php\/ikaihmiset\/kotivalmennus\/","og_site_name":"Toiminta &amp; Kyky","article_modified_time":"2026-01-10T16:56:05+00:00","og_image":[{"width":2560,"height":853,"url":"https:\/\/www.toimintajakyky.fi\/wp-content\/uploads\/2024\/02\/AdobeStock_210113313-scaled.jpeg","type":"image\/jpeg"}],"twitter_card":"summary_large_image","twitter_misc":{"Arvioitu lukuaika":"3 minuuttia"},"schema":{"@context":"https:\/\/schema.org","@graph":[{"@type":"WebPage","@id":"https:\/\/www.toimintajakyky.fi\/index.php\/ikaihmiset\/kotivalmennus\/","url":"https:\/\/www.toimintajakyky.fi\/index.php\/ikaihmiset\/kotivalmennus\/","name":"Kotihoito - Toiminta &amp; Kyky","isPartOf":{"@id":"https:\/\/www.toimintajakyky.fi\/#website"},"primaryImageOfPage":{"@id":"https:\/\/www.toimintajakyky.fi\/index.php\/ikaihmiset\/kotivalmennus\/#primaryimage"},"image":{"@id":"https:\/\/www.toimintajakyky.fi\/index.php\/ikaihmiset\/kotivalmennus\/#primaryimage"},"thumbnailUrl":"https:\/\/www.toimintajakyky.fi\/wp-content\/uploads\/2024\/02\/AdobeStock_210113313-scaled.jpeg","datePublished":"2024-02-26T16:46:41+00:00","dateModified":"2026-01-10T16:56:05+00:00","breadcrumb":{"@id":"https:\/\/www.toimintajakyky.fi\/index.php\/ikaihmiset\/kotivalmennus\/#breadcrumb"},"inLanguage":"fi","potentialAction":[{"@type":"ReadAction","target":["https:\/\/www.toimintajakyky.fi\/index.php\/ikaihmiset\/kotivalmennus\/"]}]},{"@type":"ImageObject","inLanguage":"fi","@id":"https:\/\/www.toimintajakyky.fi\/index.php\/ikaihmiset\/kotivalmennus\/#primaryimage","url":"https:\/\/www.toimintajakyky.fi\/wp-content\/uploads\/2024\/02\/AdobeStock_210113313-scaled.jpeg","contentUrl":"https:\/\/www.toimintajakyky.fi\/wp-content\/uploads\/2024\/02\/AdobeStock_210113313-scaled.jpeg","width":2560,"height":853,"caption":"L\u00e4hikuva k\u00e4sist\u00e4 k\u00e4siss\u00e4."},{"@type":"BreadcrumbList","@id":"https:\/\/www.toimintajakyky.fi\/index.php\/ikaihmiset\/kotivalmennus\/#breadcrumb","itemListElement":[{"@type":"ListItem","position":1,"name":"Etusivu","item":"https:\/\/www.toimintajakyky.fi\/"},{"@type":"ListItem","position":2,"name":"Ik\u00e4\u00e4ntyneet","item":"https:\/\/www.toimintajakyky.fi\/index.php\/ikaihmiset\/"},{"@type":"ListItem","position":3,"name":"Kotihoito"}]},{"@type":"WebSite","@id":"https:\/\/www.toimintajakyky.fi\/#website","url":"https:\/\/www.toimintajakyky.fi\/","name":"Toiminta &amp; Kyky","description":"Hyvinvointia arkeesi!","publisher":{"@id":"https:\/\/www.toimintajakyky.fi\/#organization"},"potentialAction":[{"@type":"SearchAction","target":{"@type":"EntryPoint","urlTemplate":"https:\/\/www.toimintajakyky.fi\/?s={search_term_string}"},"query-input":{"@type":"PropertyValueSpecification","valueRequired":true,"valueName":"search_term_string"}}],"inLanguage":"fi"},{"@type":"Organization","@id":"https:\/\/www.toimintajakyky.fi\/#organization","name":"Toiminta &amp; Kyky","url":"https:\/\/www.toimintajakyky.fi\/","logo":{"@type":"ImageObject","inLanguage":"fi","@id":"https:\/\/www.toimintajakyky.fi\/#\/schema\/logo\/image\/","url":"https:\/\/www.toimintajakyky.fi\/wp-content\/uploads\/2024\/02\/Nimeton-malli-6.png","contentUrl":"https:\/\/www.toimintajakyky.fi\/wp-content\/uploads\/2024\/02\/Nimeton-malli-6.png","width":1500,"height":1500,"caption":"Toiminta &amp; Kyky"},"image":{"@id":"https:\/\/www.toimintajakyky.fi\/#\/schema\/logo\/image\/"}}]}},"_links":{"self":[{"href":"https:\/\/www.toimintajakyky.fi\/index.php\/wp-json\/wp\/v2\/pages\/81","targetHints":{"allow":["GET"]}}],"collection":[{"href":"https:\/\/www.toimintajakyky.fi\/index.php\/wp-json\/wp\/v2\/pages"}],"about":[{"href":"https:\/\/www.toimintajakyky.fi\/index.php\/wp-json\/wp\/v2\/types\/page"}],"author":[{"embeddable":true,"href":"https:\/\/www.toimintajakyky.fi\/index.php\/wp-json\/wp\/v2\/users\/1"}],"replies":[{"embeddable":true,"href":"https:\/\/www.toimintajakyky.fi\/index.php\/wp-json\/wp\/v2\/comments?post=81"}],"version-history":[{"count":66,"href":"https:\/\/www.toimintajakyky.fi\/index.php\/wp-json\/wp\/v2\/pages\/81\/revisions"}],"predecessor-version":[{"id":449,"href":"https:\/\/www.toimintajakyky.fi\/index.php\/wp-json\/wp\/v2\/pages\/81\/revisions\/449"}],"up":[{"embeddable":true,"href":"https:\/\/www.toimintajakyky.fi\/index.php\/wp-json\/wp\/v2\/pages\/8"}],"wp:featuredmedia":[{"embeddable":true,"href":"https:\/\/www.toimintajakyky.fi\/index.php\/wp-json\/wp\/v2\/media\/132"}],"wp:attachment":[{"href":"https:\/\/www.toimintajakyky.fi\/index.php\/wp-json\/wp\/v2\/media?parent=81"}],"curies":[{"name":"wp","href":"https:\/\/api.w.org\/{rel}","templated":true}]}}