{"id":31,"date":"2024-02-26T15:21:06","date_gmt":"2024-02-26T15:21:06","guid":{"rendered":"http:\/\/www.toimintajakyky.fi\/?page_id=31"},"modified":"2026-01-10T17:22:09","modified_gmt":"2026-01-10T17:22:09","slug":"liikunta","status":"publish","type":"page","link":"https:\/\/www.toimintajakyky.fi\/index.php\/liikunta\/","title":{"rendered":"Liikunta"},"content":{"rendered":"\n<div class=\"wp-block-columns is-layout-flex wp-container-core-columns-is-layout-9d6595d7 wp-block-columns-is-layout-flex\">\n<div class=\"wp-block-column is-layout-flow wp-block-column-is-layout-flow\">\n<figure class=\"wp-block-image size-large\"><img loading=\"lazy\" decoding=\"async\" width=\"1024\" height=\"399\" src=\"https:\/\/www.toimintajakyky.fi\/wp-content\/uploads\/2024\/02\/AdobeStock_418941209-scaled-e1708967235594-1024x399.jpeg\" alt=\"\" class=\"wp-image-100\" srcset=\"https:\/\/www.toimintajakyky.fi\/wp-content\/uploads\/2024\/02\/AdobeStock_418941209-scaled-e1708967235594-1024x399.jpeg 1024w, https:\/\/www.toimintajakyky.fi\/wp-content\/uploads\/2024\/02\/AdobeStock_418941209-scaled-e1708967235594-300x117.jpeg 300w, https:\/\/www.toimintajakyky.fi\/wp-content\/uploads\/2024\/02\/AdobeStock_418941209-scaled-e1708967235594-768x299.jpeg 768w, https:\/\/www.toimintajakyky.fi\/wp-content\/uploads\/2024\/02\/AdobeStock_418941209-scaled-e1708967235594-1536x599.jpeg 1536w, https:\/\/www.toimintajakyky.fi\/wp-content\/uploads\/2024\/02\/AdobeStock_418941209-scaled-e1708967235594-2048x798.jpeg 2048w\" sizes=\"auto, (max-width: 1024px) 100vw, 1024px\" \/><\/figure>\n\n\n\n<h2 class=\"wp-block-heading has-text-align-center\">Vesiliikunta ja uimaopetus<\/h2>\n\n\n\n<h2 class=\"wp-block-heading\"><strong>Vesir\u00e4\u00e4kit:<\/strong><\/h2>\n\n\n\n<p>Tiistaisin 18-19.00 matalan altaan r\u00e4\u00e4kki (alkaa viikolla 3.)<br>Torstaisin r\u00e4\u00e4k\u00e4t\u00e4\u00e4n my\u00f6s, mutta tarkempi aikataulu vahvistuu vasta viikolla 3.<\/p>\n\n\n\n<figure class=\"wp-block-image size-large is-resized\"><a href=\"https:\/\/www.alegria.fi\/wp-content\/uploads\/2025\/09\/1.png\"><img decoding=\"async\" src=\"https:\/\/www.alegria.fi\/wp-content\/uploads\/2025\/09\/1-819x1024.png\" alt=\"\" class=\"wp-image-160\" style=\"width:400px\"\/><\/a><\/figure>\n<\/div>\n\n\n\n<div class=\"wp-block-column is-layout-flow wp-block-column-is-layout-flow\">\n<figure class=\"wp-block-image size-large\"><img loading=\"lazy\" decoding=\"async\" width=\"1024\" height=\"341\" src=\"https:\/\/www.toimintajakyky.fi\/wp-content\/uploads\/2024\/02\/AdobeStock_205178583-1024x341.jpeg\" alt=\"\" class=\"wp-image-104\" srcset=\"https:\/\/www.toimintajakyky.fi\/wp-content\/uploads\/2024\/02\/AdobeStock_205178583-1024x341.jpeg 1024w, https:\/\/www.toimintajakyky.fi\/wp-content\/uploads\/2024\/02\/AdobeStock_205178583-300x100.jpeg 300w, https:\/\/www.toimintajakyky.fi\/wp-content\/uploads\/2024\/02\/AdobeStock_205178583-768x256.jpeg 768w, https:\/\/www.toimintajakyky.fi\/wp-content\/uploads\/2024\/02\/AdobeStock_205178583-1536x512.jpeg 1536w, https:\/\/www.toimintajakyky.fi\/wp-content\/uploads\/2024\/02\/AdobeStock_205178583-2048x683.jpeg 2048w\" sizes=\"auto, (max-width: 1024px) 100vw, 1024px\" \/><\/figure>\n\n\n\n<h2 class=\"wp-block-heading has-text-align-center\">Ik\u00e4ihmisten liikunta<\/h2>\n\n\n\n\n\n\n\n\n\n<ul class=\"wp-block-list\"><\/ul>\n\n\n\n\n\n\n\n<p>Talvitauolla.<\/p>\n<\/div>\n<\/div>\n\n\n\n<p>Lis\u00e4tieoja: www.happyfeeling.fi<\/p>\n","protected":false},"excerpt":{"rendered":"<p>Vesiliikunta ja uimaopetus Vesir\u00e4\u00e4kit: Tiistaisin 18-19.00 matalan altaan r\u00e4\u00e4kki (alkaa viikolla 3.)Torstaisin r\u00e4\u00e4k\u00e4t\u00e4\u00e4n my\u00f6s, mutta tarkempi aikataulu vahvistuu vasta viikolla 3. Ik\u00e4ihmisten liikunta Talvitauolla. Lis\u00e4tieoja: www.happyfeeling.fi<\/p>\n","protected":false},"author":1,"featured_media":0,"parent":0,"menu_order":0,"comment_status":"closed","ping_status":"closed","template":"","meta":{"_kad_post_transparent":"","_kad_post_title":"","_kad_post_layout":"","_kad_post_sidebar_id":"","_kad_post_content_style":"","_kad_post_vertical_padding":"","_kad_post_feature":"","_kad_post_feature_position":"","_kad_post_header":false,"_kad_post_footer":false,"_kad_post_classname":"","footnotes":""},"class_list":["post-31","page","type-page","status-publish","hentry"],"yoast_head":"<!-- This site is optimized with the Yoast SEO plugin v27.4 - https:\/\/yoast.com\/product\/yoast-seo-wordpress\/ -->\n<title>Liikunta - Toiminta &amp; Kyky<\/title>\n<meta name=\"robots\" content=\"index, follow, max-snippet:-1, max-image-preview:large, max-video-preview:-1\" \/>\n<link rel=\"canonical\" href=\"https:\/\/www.toimintajakyky.fi\/index.php\/liikunta\/\" \/>\n<meta property=\"og:locale\" content=\"fi_FI\" \/>\n<meta property=\"og:type\" content=\"article\" \/>\n<meta property=\"og:title\" content=\"Liikunta - Toiminta &amp; Kyky\" \/>\n<meta property=\"og:description\" content=\"Vesiliikunta ja uimaopetus Vesir\u00e4\u00e4kit: Tiistaisin 18-19.00 matalan altaan r\u00e4\u00e4kki (alkaa viikolla 3.)Torstaisin r\u00e4\u00e4k\u00e4t\u00e4\u00e4n my\u00f6s, mutta tarkempi aikataulu vahvistuu vasta viikolla 3. Ik\u00e4ihmisten liikunta Talvitauolla. Lis\u00e4tieoja: www.happyfeeling.fi\" \/>\n<meta property=\"og:url\" content=\"https:\/\/www.toimintajakyky.fi\/index.php\/liikunta\/\" \/>\n<meta property=\"og:site_name\" content=\"Toiminta &amp; Kyky\" \/>\n<meta property=\"article:modified_time\" content=\"2026-01-10T17:22:09+00:00\" \/>\n<meta property=\"og:image\" content=\"https:\/\/www.toimintajakyky.fi\/wp-content\/uploads\/2024\/02\/AdobeStock_418941209-scaled-e1708967235594.jpeg\" \/>\n\t<meta property=\"og:image:width\" content=\"2560\" \/>\n\t<meta property=\"og:image:height\" content=\"998\" \/>\n\t<meta property=\"og:image:type\" content=\"image\/jpeg\" \/>\n<meta name=\"twitter:card\" content=\"summary_large_image\" \/>\n<meta name=\"twitter:label1\" content=\"Arvioitu lukuaika\" \/>\n\t<meta name=\"twitter:data1\" content=\"2 minuuttia\" \/>\n<script type=\"application\/ld+json\" class=\"yoast-schema-graph\">{\"@context\":\"https:\\\/\\\/schema.org\",\"@graph\":[{\"@type\":\"WebPage\",\"@id\":\"https:\\\/\\\/www.toimintajakyky.fi\\\/index.php\\\/liikunta\\\/\",\"url\":\"https:\\\/\\\/www.toimintajakyky.fi\\\/index.php\\\/liikunta\\\/\",\"name\":\"Liikunta - Toiminta &amp; Kyky\",\"isPartOf\":{\"@id\":\"https:\\\/\\\/www.toimintajakyky.fi\\\/#website\"},\"primaryImageOfPage\":{\"@id\":\"https:\\\/\\\/www.toimintajakyky.fi\\\/index.php\\\/liikunta\\\/#primaryimage\"},\"image\":{\"@id\":\"https:\\\/\\\/www.toimintajakyky.fi\\\/index.php\\\/liikunta\\\/#primaryimage\"},\"thumbnailUrl\":\"https:\\\/\\\/www.toimintajakyky.fi\\\/wp-content\\\/uploads\\\/2024\\\/02\\\/AdobeStock_418941209-scaled-e1708967235594-1024x399.jpeg\",\"datePublished\":\"2024-02-26T15:21:06+00:00\",\"dateModified\":\"2026-01-10T17:22:09+00:00\",\"breadcrumb\":{\"@id\":\"https:\\\/\\\/www.toimintajakyky.fi\\\/index.php\\\/liikunta\\\/#breadcrumb\"},\"inLanguage\":\"fi\",\"potentialAction\":[{\"@type\":\"ReadAction\",\"target\":[\"https:\\\/\\\/www.toimintajakyky.fi\\\/index.php\\\/liikunta\\\/\"]}]},{\"@type\":\"ImageObject\",\"inLanguage\":\"fi\",\"@id\":\"https:\\\/\\\/www.toimintajakyky.fi\\\/index.php\\\/liikunta\\\/#primaryimage\",\"url\":\"https:\\\/\\\/www.toimintajakyky.fi\\\/wp-content\\\/uploads\\\/2024\\\/02\\\/AdobeStock_418941209-scaled-e1708967235594.jpeg\",\"contentUrl\":\"https:\\\/\\\/www.toimintajakyky.fi\\\/wp-content\\\/uploads\\\/2024\\\/02\\\/AdobeStock_418941209-scaled-e1708967235594.jpeg\",\"width\":2560,\"height\":998,\"caption\":\"Sukellus vedenalla. Lapset n\u00e4ytt\u00e4v\u00e4t peukkua.\"},{\"@type\":\"BreadcrumbList\",\"@id\":\"https:\\\/\\\/www.toimintajakyky.fi\\\/index.php\\\/liikunta\\\/#breadcrumb\",\"itemListElement\":[{\"@type\":\"ListItem\",\"position\":1,\"name\":\"Etusivu\",\"item\":\"https:\\\/\\\/www.toimintajakyky.fi\\\/\"},{\"@type\":\"ListItem\",\"position\":2,\"name\":\"Liikunta\"}]},{\"@type\":\"WebSite\",\"@id\":\"https:\\\/\\\/www.toimintajakyky.fi\\\/#website\",\"url\":\"https:\\\/\\\/www.toimintajakyky.fi\\\/\",\"name\":\"Toiminta &amp; Kyky\",\"description\":\"Hyvinvointia arkeesi!\",\"publisher\":{\"@id\":\"https:\\\/\\\/www.toimintajakyky.fi\\\/#organization\"},\"potentialAction\":[{\"@type\":\"SearchAction\",\"target\":{\"@type\":\"EntryPoint\",\"urlTemplate\":\"https:\\\/\\\/www.toimintajakyky.fi\\\/?s={search_term_string}\"},\"query-input\":{\"@type\":\"PropertyValueSpecification\",\"valueRequired\":true,\"valueName\":\"search_term_string\"}}],\"inLanguage\":\"fi\"},{\"@type\":\"Organization\",\"@id\":\"https:\\\/\\\/www.toimintajakyky.fi\\\/#organization\",\"name\":\"Toiminta &amp; Kyky\",\"url\":\"https:\\\/\\\/www.toimintajakyky.fi\\\/\",\"logo\":{\"@type\":\"ImageObject\",\"inLanguage\":\"fi\",\"@id\":\"https:\\\/\\\/www.toimintajakyky.fi\\\/#\\\/schema\\\/logo\\\/image\\\/\",\"url\":\"https:\\\/\\\/www.toimintajakyky.fi\\\/wp-content\\\/uploads\\\/2024\\\/02\\\/Nimeton-malli-6.png\",\"contentUrl\":\"https:\\\/\\\/www.toimintajakyky.fi\\\/wp-content\\\/uploads\\\/2024\\\/02\\\/Nimeton-malli-6.png\",\"width\":1500,\"height\":1500,\"caption\":\"Toiminta &amp; Kyky\"},\"image\":{\"@id\":\"https:\\\/\\\/www.toimintajakyky.fi\\\/#\\\/schema\\\/logo\\\/image\\\/\"}}]}<\/script>\n<!-- \/ Yoast SEO plugin. -->","yoast_head_json":{"title":"Liikunta - Toiminta &amp; Kyky","robots":{"index":"index","follow":"follow","max-snippet":"max-snippet:-1","max-image-preview":"max-image-preview:large","max-video-preview":"max-video-preview:-1"},"canonical":"https:\/\/www.toimintajakyky.fi\/index.php\/liikunta\/","og_locale":"fi_FI","og_type":"article","og_title":"Liikunta - Toiminta &amp; Kyky","og_description":"Vesiliikunta ja uimaopetus Vesir\u00e4\u00e4kit: Tiistaisin 18-19.00 matalan altaan r\u00e4\u00e4kki (alkaa viikolla 3.)Torstaisin r\u00e4\u00e4k\u00e4t\u00e4\u00e4n my\u00f6s, mutta tarkempi aikataulu vahvistuu vasta viikolla 3. Ik\u00e4ihmisten liikunta Talvitauolla. Lis\u00e4tieoja: www.happyfeeling.fi","og_url":"https:\/\/www.toimintajakyky.fi\/index.php\/liikunta\/","og_site_name":"Toiminta &amp; Kyky","article_modified_time":"2026-01-10T17:22:09+00:00","og_image":[{"width":2560,"height":998,"url":"https:\/\/www.toimintajakyky.fi\/wp-content\/uploads\/2024\/02\/AdobeStock_418941209-scaled-e1708967235594.jpeg","type":"image\/jpeg"}],"twitter_card":"summary_large_image","twitter_misc":{"Arvioitu lukuaika":"2 minuuttia"},"schema":{"@context":"https:\/\/schema.org","@graph":[{"@type":"WebPage","@id":"https:\/\/www.toimintajakyky.fi\/index.php\/liikunta\/","url":"https:\/\/www.toimintajakyky.fi\/index.php\/liikunta\/","name":"Liikunta - Toiminta &amp; Kyky","isPartOf":{"@id":"https:\/\/www.toimintajakyky.fi\/#website"},"primaryImageOfPage":{"@id":"https:\/\/www.toimintajakyky.fi\/index.php\/liikunta\/#primaryimage"},"image":{"@id":"https:\/\/www.toimintajakyky.fi\/index.php\/liikunta\/#primaryimage"},"thumbnailUrl":"https:\/\/www.toimintajakyky.fi\/wp-content\/uploads\/2024\/02\/AdobeStock_418941209-scaled-e1708967235594-1024x399.jpeg","datePublished":"2024-02-26T15:21:06+00:00","dateModified":"2026-01-10T17:22:09+00:00","breadcrumb":{"@id":"https:\/\/www.toimintajakyky.fi\/index.php\/liikunta\/#breadcrumb"},"inLanguage":"fi","potentialAction":[{"@type":"ReadAction","target":["https:\/\/www.toimintajakyky.fi\/index.php\/liikunta\/"]}]},{"@type":"ImageObject","inLanguage":"fi","@id":"https:\/\/www.toimintajakyky.fi\/index.php\/liikunta\/#primaryimage","url":"https:\/\/www.toimintajakyky.fi\/wp-content\/uploads\/2024\/02\/AdobeStock_418941209-scaled-e1708967235594.jpeg","contentUrl":"https:\/\/www.toimintajakyky.fi\/wp-content\/uploads\/2024\/02\/AdobeStock_418941209-scaled-e1708967235594.jpeg","width":2560,"height":998,"caption":"Sukellus vedenalla. Lapset n\u00e4ytt\u00e4v\u00e4t peukkua."},{"@type":"BreadcrumbList","@id":"https:\/\/www.toimintajakyky.fi\/index.php\/liikunta\/#breadcrumb","itemListElement":[{"@type":"ListItem","position":1,"name":"Etusivu","item":"https:\/\/www.toimintajakyky.fi\/"},{"@type":"ListItem","position":2,"name":"Liikunta"}]},{"@type":"WebSite","@id":"https:\/\/www.toimintajakyky.fi\/#website","url":"https:\/\/www.toimintajakyky.fi\/","name":"Toiminta &amp; Kyky","description":"Hyvinvointia arkeesi!","publisher":{"@id":"https:\/\/www.toimintajakyky.fi\/#organization"},"potentialAction":[{"@type":"SearchAction","target":{"@type":"EntryPoint","urlTemplate":"https:\/\/www.toimintajakyky.fi\/?s={search_term_string}"},"query-input":{"@type":"PropertyValueSpecification","valueRequired":true,"valueName":"search_term_string"}}],"inLanguage":"fi"},{"@type":"Organization","@id":"https:\/\/www.toimintajakyky.fi\/#organization","name":"Toiminta &amp; Kyky","url":"https:\/\/www.toimintajakyky.fi\/","logo":{"@type":"ImageObject","inLanguage":"fi","@id":"https:\/\/www.toimintajakyky.fi\/#\/schema\/logo\/image\/","url":"https:\/\/www.toimintajakyky.fi\/wp-content\/uploads\/2024\/02\/Nimeton-malli-6.png","contentUrl":"https:\/\/www.toimintajakyky.fi\/wp-content\/uploads\/2024\/02\/Nimeton-malli-6.png","width":1500,"height":1500,"caption":"Toiminta &amp; Kyky"},"image":{"@id":"https:\/\/www.toimintajakyky.fi\/#\/schema\/logo\/image\/"}}]}},"_links":{"self":[{"href":"https:\/\/www.toimintajakyky.fi\/index.php\/wp-json\/wp\/v2\/pages\/31","targetHints":{"allow":["GET"]}}],"collection":[{"href":"https:\/\/www.toimintajakyky.fi\/index.php\/wp-json\/wp\/v2\/pages"}],"about":[{"href":"https:\/\/www.toimintajakyky.fi\/index.php\/wp-json\/wp\/v2\/types\/page"}],"author":[{"embeddable":true,"href":"https:\/\/www.toimintajakyky.fi\/index.php\/wp-json\/wp\/v2\/users\/1"}],"replies":[{"embeddable":true,"href":"https:\/\/www.toimintajakyky.fi\/index.php\/wp-json\/wp\/v2\/comments?post=31"}],"version-history":[{"count":21,"href":"https:\/\/www.toimintajakyky.fi\/index.php\/wp-json\/wp\/v2\/pages\/31\/revisions"}],"predecessor-version":[{"id":465,"href":"https:\/\/www.toimintajakyky.fi\/index.php\/wp-json\/wp\/v2\/pages\/31\/revisions\/465"}],"wp:attachment":[{"href":"https:\/\/www.toimintajakyky.fi\/index.php\/wp-json\/wp\/v2\/media?parent=31"}],"curies":[{"name":"wp","href":"https:\/\/api.w.org\/{rel}","templated":true}]}}