{"id":250,"date":"2024-03-05T09:59:19","date_gmt":"2024-03-05T09:59:19","guid":{"rendered":"https:\/\/www.toimintajakyky.fi\/?page_id=250"},"modified":"2026-01-10T17:08:22","modified_gmt":"2026-01-10T17:08:22","slug":"vammaiset","status":"publish","type":"page","link":"https:\/\/www.toimintajakyky.fi\/index.php\/vammaiset\/","title":{"rendered":"Vammaiset"},"content":{"rendered":"\n<p>Tarjoan avustajapalveluita. Sopimus r\u00e4\u00e4t\u00e4l\u00f6id\u00e4\u00e4n asiakkaan tarpeiden mukaan.<\/p>\n\n\n<div class=\"wp-block-image wp-duotone-unset-1\">\n<figure class=\"alignleft size-medium is-resized\"><img loading=\"lazy\" decoding=\"async\" width=\"225\" height=\"300\" src=\"https:\/\/www.toimintajakyky.fi\/wp-content\/uploads\/2026\/01\/IMG_20251118_110117-225x300.jpg\" alt=\"\" class=\"wp-image-457\" style=\"aspect-ratio:0.7500129634430904;width:226px;height:auto\" srcset=\"https:\/\/www.toimintajakyky.fi\/wp-content\/uploads\/2026\/01\/IMG_20251118_110117-225x300.jpg 225w, https:\/\/www.toimintajakyky.fi\/wp-content\/uploads\/2026\/01\/IMG_20251118_110117-768x1024.jpg 768w, https:\/\/www.toimintajakyky.fi\/wp-content\/uploads\/2026\/01\/IMG_20251118_110117-1152x1536.jpg 1152w, https:\/\/www.toimintajakyky.fi\/wp-content\/uploads\/2026\/01\/IMG_20251118_110117-1536x2048.jpg 1536w, https:\/\/www.toimintajakyky.fi\/wp-content\/uploads\/2026\/01\/IMG_20251118_110117-scaled.jpg 1920w\" sizes=\"auto, (max-width: 225px) 100vw, 225px\" \/><figcaption class=\"wp-element-caption\">Asiakkaan kanssa lenkill\u00e4 ja kahvilla Sirpunpuistossa.<\/figcaption><\/figure>\n<\/div>\n\n\n<div class=\"wp-block-buttons is-layout-flex wp-block-buttons-is-layout-flex\">\n<div class=\"wp-block-button\"><a class=\"wp-block-button__link wp-element-button\" href=\"https:\/\/www.toimintajakyky.fi\/index.php\/yhteystiedot\/\" target=\"_blank\" rel=\"noreferrer noopener\">Ota yhteytt\u00e4<\/a><\/div>\n<\/div>\n","protected":false},"excerpt":{"rendered":"<p>Tarjoan avustajapalveluita. Sopimus r\u00e4\u00e4t\u00e4l\u00f6id\u00e4\u00e4n asiakkaan tarpeiden mukaan.<\/p>\n","protected":false},"author":1,"featured_media":0,"parent":0,"menu_order":0,"comment_status":"closed","ping_status":"closed","template":"","meta":{"_kad_post_transparent":"","_kad_post_title":"","_kad_post_layout":"","_kad_post_sidebar_id":"","_kad_post_content_style":"","_kad_post_vertical_padding":"","_kad_post_feature":"","_kad_post_feature_position":"","_kad_post_header":false,"_kad_post_footer":false,"_kad_post_classname":"","footnotes":""},"class_list":["post-250","page","type-page","status-publish","hentry"],"yoast_head":"<!-- This site is optimized with the Yoast SEO plugin v27.4 - https:\/\/yoast.com\/product\/yoast-seo-wordpress\/ -->\n<title>Vammaiset - Toiminta &amp; Kyky<\/title>\n<meta name=\"robots\" content=\"index, follow, max-snippet:-1, max-image-preview:large, max-video-preview:-1\" \/>\n<link rel=\"canonical\" href=\"https:\/\/www.toimintajakyky.fi\/index.php\/vammaiset\/\" \/>\n<meta property=\"og:locale\" content=\"fi_FI\" \/>\n<meta property=\"og:type\" content=\"article\" \/>\n<meta property=\"og:title\" content=\"Vammaiset - Toiminta &amp; Kyky\" \/>\n<meta property=\"og:description\" content=\"Tarjoan avustajapalveluita. Sopimus r\u00e4\u00e4t\u00e4l\u00f6id\u00e4\u00e4n asiakkaan tarpeiden mukaan.\" \/>\n<meta property=\"og:url\" content=\"https:\/\/www.toimintajakyky.fi\/index.php\/vammaiset\/\" \/>\n<meta property=\"og:site_name\" content=\"Toiminta &amp; Kyky\" \/>\n<meta property=\"article:modified_time\" content=\"2026-01-10T17:08:22+00:00\" \/>\n<meta property=\"og:image\" content=\"https:\/\/www.toimintajakyky.fi\/wp-content\/uploads\/2026\/01\/IMG_20251118_110117-scaled.jpg\" \/>\n\t<meta property=\"og:image:width\" content=\"1920\" \/>\n\t<meta property=\"og:image:height\" content=\"2560\" \/>\n\t<meta property=\"og:image:type\" content=\"image\/jpeg\" \/>\n<meta name=\"twitter:card\" content=\"summary_large_image\" \/>\n<meta name=\"twitter:label1\" content=\"Arvioitu lukuaika\" \/>\n\t<meta name=\"twitter:data1\" content=\"1 minuutti\" \/>\n<script type=\"application\/ld+json\" class=\"yoast-schema-graph\">{\"@context\":\"https:\\\/\\\/schema.org\",\"@graph\":[{\"@type\":\"WebPage\",\"@id\":\"https:\\\/\\\/www.toimintajakyky.fi\\\/index.php\\\/vammaiset\\\/\",\"url\":\"https:\\\/\\\/www.toimintajakyky.fi\\\/index.php\\\/vammaiset\\\/\",\"name\":\"Vammaiset - Toiminta &amp; Kyky\",\"isPartOf\":{\"@id\":\"https:\\\/\\\/www.toimintajakyky.fi\\\/#website\"},\"primaryImageOfPage\":{\"@id\":\"https:\\\/\\\/www.toimintajakyky.fi\\\/index.php\\\/vammaiset\\\/#primaryimage\"},\"image\":{\"@id\":\"https:\\\/\\\/www.toimintajakyky.fi\\\/index.php\\\/vammaiset\\\/#primaryimage\"},\"thumbnailUrl\":\"https:\\\/\\\/www.toimintajakyky.fi\\\/wp-content\\\/uploads\\\/2026\\\/01\\\/IMG_20251118_110117-225x300.jpg\",\"datePublished\":\"2024-03-05T09:59:19+00:00\",\"dateModified\":\"2026-01-10T17:08:22+00:00\",\"breadcrumb\":{\"@id\":\"https:\\\/\\\/www.toimintajakyky.fi\\\/index.php\\\/vammaiset\\\/#breadcrumb\"},\"inLanguage\":\"fi\",\"potentialAction\":[{\"@type\":\"ReadAction\",\"target\":[\"https:\\\/\\\/www.toimintajakyky.fi\\\/index.php\\\/vammaiset\\\/\"]}]},{\"@type\":\"ImageObject\",\"inLanguage\":\"fi\",\"@id\":\"https:\\\/\\\/www.toimintajakyky.fi\\\/index.php\\\/vammaiset\\\/#primaryimage\",\"url\":\"https:\\\/\\\/www.toimintajakyky.fi\\\/wp-content\\\/uploads\\\/2026\\\/01\\\/IMG_20251118_110117-scaled.jpg\",\"contentUrl\":\"https:\\\/\\\/www.toimintajakyky.fi\\\/wp-content\\\/uploads\\\/2026\\\/01\\\/IMG_20251118_110117-scaled.jpg\",\"width\":1920,\"height\":2560},{\"@type\":\"BreadcrumbList\",\"@id\":\"https:\\\/\\\/www.toimintajakyky.fi\\\/index.php\\\/vammaiset\\\/#breadcrumb\",\"itemListElement\":[{\"@type\":\"ListItem\",\"position\":1,\"name\":\"Etusivu\",\"item\":\"https:\\\/\\\/www.toimintajakyky.fi\\\/\"},{\"@type\":\"ListItem\",\"position\":2,\"name\":\"Vammaiset\"}]},{\"@type\":\"WebSite\",\"@id\":\"https:\\\/\\\/www.toimintajakyky.fi\\\/#website\",\"url\":\"https:\\\/\\\/www.toimintajakyky.fi\\\/\",\"name\":\"Toiminta &amp; Kyky\",\"description\":\"Hyvinvointia arkeesi!\",\"publisher\":{\"@id\":\"https:\\\/\\\/www.toimintajakyky.fi\\\/#organization\"},\"potentialAction\":[{\"@type\":\"SearchAction\",\"target\":{\"@type\":\"EntryPoint\",\"urlTemplate\":\"https:\\\/\\\/www.toimintajakyky.fi\\\/?s={search_term_string}\"},\"query-input\":{\"@type\":\"PropertyValueSpecification\",\"valueRequired\":true,\"valueName\":\"search_term_string\"}}],\"inLanguage\":\"fi\"},{\"@type\":\"Organization\",\"@id\":\"https:\\\/\\\/www.toimintajakyky.fi\\\/#organization\",\"name\":\"Toiminta &amp; Kyky\",\"url\":\"https:\\\/\\\/www.toimintajakyky.fi\\\/\",\"logo\":{\"@type\":\"ImageObject\",\"inLanguage\":\"fi\",\"@id\":\"https:\\\/\\\/www.toimintajakyky.fi\\\/#\\\/schema\\\/logo\\\/image\\\/\",\"url\":\"https:\\\/\\\/www.toimintajakyky.fi\\\/wp-content\\\/uploads\\\/2024\\\/02\\\/Nimeton-malli-6.png\",\"contentUrl\":\"https:\\\/\\\/www.toimintajakyky.fi\\\/wp-content\\\/uploads\\\/2024\\\/02\\\/Nimeton-malli-6.png\",\"width\":1500,\"height\":1500,\"caption\":\"Toiminta &amp; Kyky\"},\"image\":{\"@id\":\"https:\\\/\\\/www.toimintajakyky.fi\\\/#\\\/schema\\\/logo\\\/image\\\/\"}}]}<\/script>\n<!-- \/ Yoast SEO plugin. -->","yoast_head_json":{"title":"Vammaiset - Toiminta &amp; Kyky","robots":{"index":"index","follow":"follow","max-snippet":"max-snippet:-1","max-image-preview":"max-image-preview:large","max-video-preview":"max-video-preview:-1"},"canonical":"https:\/\/www.toimintajakyky.fi\/index.php\/vammaiset\/","og_locale":"fi_FI","og_type":"article","og_title":"Vammaiset - Toiminta &amp; Kyky","og_description":"Tarjoan avustajapalveluita. Sopimus r\u00e4\u00e4t\u00e4l\u00f6id\u00e4\u00e4n asiakkaan tarpeiden mukaan.","og_url":"https:\/\/www.toimintajakyky.fi\/index.php\/vammaiset\/","og_site_name":"Toiminta &amp; Kyky","article_modified_time":"2026-01-10T17:08:22+00:00","og_image":[{"width":1920,"height":2560,"url":"https:\/\/www.toimintajakyky.fi\/wp-content\/uploads\/2026\/01\/IMG_20251118_110117-scaled.jpg","type":"image\/jpeg"}],"twitter_card":"summary_large_image","twitter_misc":{"Arvioitu lukuaika":"1 minuutti"},"schema":{"@context":"https:\/\/schema.org","@graph":[{"@type":"WebPage","@id":"https:\/\/www.toimintajakyky.fi\/index.php\/vammaiset\/","url":"https:\/\/www.toimintajakyky.fi\/index.php\/vammaiset\/","name":"Vammaiset - Toiminta &amp; Kyky","isPartOf":{"@id":"https:\/\/www.toimintajakyky.fi\/#website"},"primaryImageOfPage":{"@id":"https:\/\/www.toimintajakyky.fi\/index.php\/vammaiset\/#primaryimage"},"image":{"@id":"https:\/\/www.toimintajakyky.fi\/index.php\/vammaiset\/#primaryimage"},"thumbnailUrl":"https:\/\/www.toimintajakyky.fi\/wp-content\/uploads\/2026\/01\/IMG_20251118_110117-225x300.jpg","datePublished":"2024-03-05T09:59:19+00:00","dateModified":"2026-01-10T17:08:22+00:00","breadcrumb":{"@id":"https:\/\/www.toimintajakyky.fi\/index.php\/vammaiset\/#breadcrumb"},"inLanguage":"fi","potentialAction":[{"@type":"ReadAction","target":["https:\/\/www.toimintajakyky.fi\/index.php\/vammaiset\/"]}]},{"@type":"ImageObject","inLanguage":"fi","@id":"https:\/\/www.toimintajakyky.fi\/index.php\/vammaiset\/#primaryimage","url":"https:\/\/www.toimintajakyky.fi\/wp-content\/uploads\/2026\/01\/IMG_20251118_110117-scaled.jpg","contentUrl":"https:\/\/www.toimintajakyky.fi\/wp-content\/uploads\/2026\/01\/IMG_20251118_110117-scaled.jpg","width":1920,"height":2560},{"@type":"BreadcrumbList","@id":"https:\/\/www.toimintajakyky.fi\/index.php\/vammaiset\/#breadcrumb","itemListElement":[{"@type":"ListItem","position":1,"name":"Etusivu","item":"https:\/\/www.toimintajakyky.fi\/"},{"@type":"ListItem","position":2,"name":"Vammaiset"}]},{"@type":"WebSite","@id":"https:\/\/www.toimintajakyky.fi\/#website","url":"https:\/\/www.toimintajakyky.fi\/","name":"Toiminta &amp; Kyky","description":"Hyvinvointia arkeesi!","publisher":{"@id":"https:\/\/www.toimintajakyky.fi\/#organization"},"potentialAction":[{"@type":"SearchAction","target":{"@type":"EntryPoint","urlTemplate":"https:\/\/www.toimintajakyky.fi\/?s={search_term_string}"},"query-input":{"@type":"PropertyValueSpecification","valueRequired":true,"valueName":"search_term_string"}}],"inLanguage":"fi"},{"@type":"Organization","@id":"https:\/\/www.toimintajakyky.fi\/#organization","name":"Toiminta &amp; Kyky","url":"https:\/\/www.toimintajakyky.fi\/","logo":{"@type":"ImageObject","inLanguage":"fi","@id":"https:\/\/www.toimintajakyky.fi\/#\/schema\/logo\/image\/","url":"https:\/\/www.toimintajakyky.fi\/wp-content\/uploads\/2024\/02\/Nimeton-malli-6.png","contentUrl":"https:\/\/www.toimintajakyky.fi\/wp-content\/uploads\/2024\/02\/Nimeton-malli-6.png","width":1500,"height":1500,"caption":"Toiminta &amp; Kyky"},"image":{"@id":"https:\/\/www.toimintajakyky.fi\/#\/schema\/logo\/image\/"}}]}},"_links":{"self":[{"href":"https:\/\/www.toimintajakyky.fi\/index.php\/wp-json\/wp\/v2\/pages\/250","targetHints":{"allow":["GET"]}}],"collection":[{"href":"https:\/\/www.toimintajakyky.fi\/index.php\/wp-json\/wp\/v2\/pages"}],"about":[{"href":"https:\/\/www.toimintajakyky.fi\/index.php\/wp-json\/wp\/v2\/types\/page"}],"author":[{"embeddable":true,"href":"https:\/\/www.toimintajakyky.fi\/index.php\/wp-json\/wp\/v2\/users\/1"}],"replies":[{"embeddable":true,"href":"https:\/\/www.toimintajakyky.fi\/index.php\/wp-json\/wp\/v2\/comments?post=250"}],"version-history":[{"count":7,"href":"https:\/\/www.toimintajakyky.fi\/index.php\/wp-json\/wp\/v2\/pages\/250\/revisions"}],"predecessor-version":[{"id":462,"href":"https:\/\/www.toimintajakyky.fi\/index.php\/wp-json\/wp\/v2\/pages\/250\/revisions\/462"}],"wp:attachment":[{"href":"https:\/\/www.toimintajakyky.fi\/index.php\/wp-json\/wp\/v2\/media?parent=250"}],"curies":[{"name":"wp","href":"https:\/\/api.w.org\/{rel}","templated":true}]}}